{"id":358,"date":"2024-08-08T14:31:59","date_gmt":"2024-08-08T14:31:59","guid":{"rendered":"https:\/\/toantuduybigbrain.pro.vn\/?page_id=358"},"modified":"2024-08-11T15:33:54","modified_gmt":"2024-08-11T15:33:54","slug":"pham-mem-bigbrain-soroban","status":"publish","type":"page","link":"https:\/\/toantuduybigbrain.pro.vn\/?page_id=358","title":{"rendered":"PH\u1ea6N M\u1ec0M BIGBRAIN SOROBAN"},"content":{"rendered":"\n<h2 class=\"wp-block-heading has-text-align-center\">LUY\u1ec6N TR\u00cd N\u00c3O C\u00d9NG BIGBRAIN SOROBAN<\/h2>\n\n\n\n<p class=\"has-text-align-center\">Ph\u1ea7n m\u1ec1m h\u1ecdc v\u00e0 luy\u1ec7n t\u1eadp to\u00e1n Soroban hi\u1ec7u qu\u1ea3 nh\u1ea5t hi\u1ec7n nay tr\u00ean th\u1ecb tr\u01b0\u1eddng, bao g\u1ed3m h\u01a1n 200 b\u00e0i h\u1ecdc t\u1eeb c\u01a1 b\u1ea3n \u0111\u1ebfn n\u00e2ng cao (c\u00f3 ph\u00e9p t\u00ednh nh\u00e2n chia), k\u1ebft h\u1ee3p ph\u1ea7n m\u1ec1m luy\u1ec7n t\u1eadp v\u00e0 s\u00e1ch \u0111i k\u00e8m, c\u00f3 th\u1ec3 gi\u00fap b\u1ea1n tr\u1edf th\u00e0nh m\u1ed9t chuy\u00ean gia t\u00ednh nh\u1ea9m th\u1ef1c th\u1ee5.<\/p>\n\n\n\n<figure class=\"wp-block-image size-large is-resized\"><img fetchpriority=\"high\" decoding=\"async\" width=\"1024\" height=\"500\" src=\"https:\/\/toantuduybigbrain.pro.vn\/wp-content\/uploads\/2024\/08\/mockup2-1536x750-1-1024x500.jpg\" alt=\"\" class=\"wp-image-369\" style=\"width:897px;height:auto\" srcset=\"https:\/\/toantuduybigbrain.pro.vn\/wp-content\/uploads\/2024\/08\/mockup2-1536x750-1-1024x500.jpg 1024w, https:\/\/toantuduybigbrain.pro.vn\/wp-content\/uploads\/2024\/08\/mockup2-1536x750-1-300x146.jpg 300w, https:\/\/toantuduybigbrain.pro.vn\/wp-content\/uploads\/2024\/08\/mockup2-1536x750-1-768x375.jpg 768w, https:\/\/toantuduybigbrain.pro.vn\/wp-content\/uploads\/2024\/08\/mockup2-1536x750-1-400x195.jpg 400w, https:\/\/toantuduybigbrain.pro.vn\/wp-content\/uploads\/2024\/08\/mockup2-1536x750-1.jpg 1536w\" sizes=\"(max-width: 1024px) 100vw, 1024px\" \/><\/figure>\n\n\n\n<div class=\"wp-block-contact-form-7-contact-form-selector\">\n<div class=\"wpcf7 no-js\" id=\"wpcf7-f220-o1\" lang=\"vi\" dir=\"ltr\">\n<div class=\"screen-reader-response\"><p role=\"status\" aria-live=\"polite\" aria-atomic=\"true\"><\/p> <ul><\/ul><\/div>\n<form action=\"\/index.php?rest_route=%2Fwp%2Fv2%2Fpages%2F358#wpcf7-f220-o1\" method=\"post\" class=\"wpcf7-form init\" aria-label=\"Form li\u00ean h\u1ec7\" novalidate=\"novalidate\" data-status=\"init\">\n<div style=\"display: none;\">\n<input type=\"hidden\" name=\"_wpcf7\" value=\"220\" \/>\n<input type=\"hidden\" name=\"_wpcf7_version\" value=\"5.9.6\" \/>\n<input type=\"hidden\" name=\"_wpcf7_locale\" value=\"vi\" \/>\n<input type=\"hidden\" name=\"_wpcf7_unit_tag\" value=\"wpcf7-f220-o1\" \/>\n<input type=\"hidden\" name=\"_wpcf7_container_post\" value=\"0\" \/>\n<input type=\"hidden\" name=\"_wpcf7_posted_data_hash\" value=\"\" \/>\n<\/div>\n<div class=\"formdangky\"\n\nStyle= \"background-color: pink;\n  width: 500x;\n  Height: ;\n  border: 10px solid yellow;\n  padding: 50px;\n  margin: auto;\n Align: center;\nborder-radius: 50px\n\n\"\n>\n\t<div class=\"col large-12 col-padding\">\n\t\t<h4\n \ncolor=\"red\" position=\"center\"\n\n>\n\t\t\t<Center Style= \"color: Blue\" >MUA PH\u1ea6N M\u1ec0M BIGBRAIN SOROBAN\n\t\t\t<\/center>\n\t\t<\/h4>\n\t<\/div>\n\t<div style=\"text-align: left;\"\nclass=\"row\">\n\t\t<div class=\"col large-12 col-padding\">\n\t\t\t<p><i class=\"fas fa-user\"><\/i><span class=\"wpcf7-form-control-wrap\" data-name=\"tenphuhuynh\"><input size=\"40\" maxlength=\"80\" class=\"wpcf7-form-control wpcf7-text\" aria-invalid=\"false\" placeholder=\"T\u00ean Ph\u1ee5 Huynh\" value=\"\" type=\"text\" name=\"tenphuhuynh\" \/><\/span>\n\t\t\t<\/p>\n\t\t<\/div>\n\t\t<div class=\"col large-12 col-padding\">\n\t\t\t<p><i class=\"fas fa-user\"><\/i><span class=\"wpcf7-form-control-wrap\" data-name=\"tenhocsinh\"><input size=\"40\" maxlength=\"80\" class=\"wpcf7-form-control wpcf7-text\" aria-invalid=\"false\" placeholder=\"T\u00ean H\u1ecdc Sinh\" value=\"\" type=\"text\" name=\"tenhocsinh\" \/><\/span>\n\t\t\t<\/p>\n\t\t<\/div>\n\t<\/div>\n\t<div class=\"col large-6 col-padding\">\n\t\t<p><i class=\"fas fa-phone-square-alt\"><\/i><span class=\"wpcf7-form-control-wrap\" data-name=\"your-tel\"><input size=\"40\" maxlength=\"80\" class=\"wpcf7-form-control wpcf7-tel wpcf7-validates-as-required wpcf7-text wpcf7-validates-as-tel\" aria-required=\"true\" aria-invalid=\"false\" placeholder=\"S\u1ed1 \u0111i\u1ec7n tho\u1ea1i\" value=\"\" type=\"tel\" name=\"your-tel\" \/><\/span>\n\t\t<\/p>\n\t<\/div>\n\t<div class=\"row\">\n\t\t<p><a style=\"color:red\" > Tr\u1ecdn G\u00f3i Ph\u1ea7m M\u1ec1m: <\/a>\n\t\t<\/p>\n\t\t<div class=\"col large-12 col-padding col-dangky\">\n\t\t\t<p><span class=\"wpcf7-form-control-wrap\" data-name=\"luachon\"><span class=\"wpcf7-form-control wpcf7-radio\"><span class=\"wpcf7-list-item first\"><label><input type=\"radio\" name=\"luachon\" value=\"Mua 6 Th\u00e1ng - (960.000VND)\" \/><span class=\"wpcf7-list-item-label\">Mua 6 Th\u00e1ng - (960.000VND)<\/span><\/label><\/span><span class=\"wpcf7-list-item last\"><label><input type=\"radio\" name=\"luachon\" value=\"Mua Tr\u1ecdn \u0110\u1eddi - (1.168.000VND)\" \/><span class=\"wpcf7-list-item-label\">Mua Tr\u1ecdn \u0110\u1eddi - (1.168.000VND)<\/span><\/label><\/span><\/span><\/span>\n\t\t\t<\/p>\n\t\t<\/div>\n\t<\/div>\n\t<div class=\"col large-6 col-padding\">\n\t\t<p><i class=\"fas fa-calendar-alt\"><\/i><span class=\"wpcf7-form-control-wrap\" data-name=\"ngayhoc\"><input size=\"40\" maxlength=\"80\" class=\"wpcf7-form-control wpcf7-text input523\" aria-invalid=\"false\" placeholder=\"n\u1ed9i dung ghi ch\u00fa\" value=\"\" type=\"text\" name=\"ngayhoc\" \/><\/span>\n\t\t<\/p>\n\t<\/div>\n\t<div class=\"col large-12 col-padding btn-dangky\" style=\" color: green;\">\n\t\t<Center>\n\t\t\t<p><input class=\"wpcf7-form-control wpcf7-submit has-spinner\" type=\"submit\" value=\"Mua Ph\u1ea7n M\u1ec1m\" \/>\n\t\t\t<\/p>\n\t\t<\/center>\n\t<\/div>\n<\/div>\n\n<div class=\"wpcf7-response-output\" aria-hidden=\"true\"><\/div>\n<\/form>\n<\/div>\n<\/div>\n\n\n\n<h1 class=\"wp-block-heading has-text-align-center\">T\u1ea2I \u1ee8NG D\u1ee4NG &#8211; BIGBRAIN SOROBAN H\u1eccC TH\u1eec:<\/h1>\n\n\n\n<div class=\"wp-block-columns is-layout-flex wp-container-core-columns-is-layout-9d6595d7 wp-block-columns-is-layout-flex\">\n<div class=\"wp-block-column is-vertically-aligned-center is-layout-flow wp-block-column-is-layout-flow\" style=\"flex-basis:100%\">\n<pre class=\"wp-block-code\"><code><div style =\"border-radius: 10px; background-color: white; border: 1px solic #ffffff; text-align : center\" ><div class=\"elementor-image\" \n><a  href=\"https:\/\/apps.apple.com\/ae\/app\/bigbrain-soroban\/id1563917231\" ><img decoding=\"async\" class=\"attachment-medium size-medium\" style=\"width:135px; height:auto\" align=\"center\" src=\"https:\/\/bigbrainsoroban.vip\/wp-content\/uploads\/2021\/07\/apple_2.png\" alt=\"\">\n<\/a><\/div>\n<div class=\"elementor-widget\"><div class=\"elementor-image\" style =\"border-radius: 10px;\" ><a href=\"https:\/\/play.google.com\/store\/apps\/details?id=com.tamtriluc.soroban&amp;hl=vi&amp;gl=US\" target=\"_blank\" rel=\"nofollow noopener\"><img decoding=\"async\" class=\"attachment-medium size-medium\" style=\"width: 135px;\" src=\"https:\/\/bigbrainsoroban.vip\/wp-content\/uploads\/2021\/07\/google_2.png\" alt=\"google_2\"><\/a><\/div><\/div><\/div><\/code><\/pre>\n<\/div>\n<\/div>\n","protected":false},"excerpt":{"rendered":"<p>LUY\u1ec6N TR\u00cd N\u00c3O C\u00d9NG BIGBRAIN SOROBAN Ph\u1ea7n m\u1ec1m h\u1ecdc v\u00e0 luy\u1ec7n t\u1eadp to\u00e1n Soroban hi\u1ec7u qu\u1ea3 nh\u1ea5t hi\u1ec7n nay tr\u00ean th\u1ecb tr\u01b0\u1eddng, bao g\u1ed3m h\u01a1n 200 b\u00e0i h\u1ecdc t\u1eeb c\u01a1 b\u1ea3n \u0111\u1ebfn n\u00e2ng cao (c\u00f3 ph\u00e9p t\u00ednh nh\u00e2n chia), k\u1ebft h\u1ee3p ph\u1ea7n m\u1ec1m luy\u1ec7n t\u1eadp v\u00e0 s\u00e1ch \u0111i k\u00e8m, c\u00f3 th\u1ec3 gi\u00fap b\u1ea1n tr\u1edf th\u00e0nh [&hellip;]<\/p>\n","protected":false},"author":1,"featured_media":0,"parent":0,"menu_order":0,"comment_status":"closed","ping_status":"closed","template":"","meta":{"footnotes":""},"class_list":["post-358","page","type-page","status-publish","hentry"],"_links":{"self":[{"href":"https:\/\/toantuduybigbrain.pro.vn\/index.php?rest_route=\/wp\/v2\/pages\/358","targetHints":{"allow":["GET"]}}],"collection":[{"href":"https:\/\/toantuduybigbrain.pro.vn\/index.php?rest_route=\/wp\/v2\/pages"}],"about":[{"href":"https:\/\/toantuduybigbrain.pro.vn\/index.php?rest_route=\/wp\/v2\/types\/page"}],"author":[{"embeddable":true,"href":"https:\/\/toantuduybigbrain.pro.vn\/index.php?rest_route=\/wp\/v2\/users\/1"}],"replies":[{"embeddable":true,"href":"https:\/\/toantuduybigbrain.pro.vn\/index.php?rest_route=%2Fwp%2Fv2%2Fcomments&post=358"}],"version-history":[{"count":30,"href":"https:\/\/toantuduybigbrain.pro.vn\/index.php?rest_route=\/wp\/v2\/pages\/358\/revisions"}],"predecessor-version":[{"id":460,"href":"https:\/\/toantuduybigbrain.pro.vn\/index.php?rest_route=\/wp\/v2\/pages\/358\/revisions\/460"}],"wp:attachment":[{"href":"https:\/\/toantuduybigbrain.pro.vn\/index.php?rest_route=%2Fwp%2Fv2%2Fmedia&parent=358"}],"curies":[{"name":"wp","href":"https:\/\/api.w.org\/{rel}","templated":true}]}}